{"id":1057,"date":"2022-09-29T15:27:43","date_gmt":"2022-09-29T14:27:43","guid":{"rendered":"https:\/\/triperife-excursions.com\/product\/jetovator\/"},"modified":"2022-11-06T14:09:52","modified_gmt":"2022-11-06T13:09:52","slug":"jetovator","status":"publish","type":"product","link":"https:\/\/triperife-excursions.com\/fr\/produit\/jetovator-2\/","title":{"rendered":"Jetovator"},"content":{"rendered":"<p>Unique en son genre \u00e0 Tenerife, le jetovator est un d\u00e9veloppement ult\u00e9rieur du d\u00e9j\u00e0 bien connu <a href=\"https:\/\/triperife-excursions.com\/fr\/listing\/flyboard\/\">flyboards<\/a>. Le jetovator est beaucoup plus facile \u00e0 contr\u00f4ler qu'un flyboard et est d\u00e9j\u00e0 l'activit\u00e9 aquatique la plus populaire de l'automne \u00e0 Tenerife. Gr\u00e2ce \u00e0 un puissant jet d'eau, vous volez au-dessus de l'eau et pouvez r\u00e9aliser toutes sortes de figures et d'acrobaties.  Cette exp\u00e9rience de Jetovater dure 25 minutes et peut \u00eatre pilot\u00e9e \u00e0 partir de 16 ans.<\/p>\n<p><strong><span style=\"color: #f139ff;\">Ne payer qu'une avance<\/span><\/strong><\/p>\n<p>Une fois votre r\u00e9servation trait\u00e9e par nos soins, vous ne payez qu'un acompte.<br \/>Vous payez le solde au d\u00e9but de l'excursion.<br \/><strong>La caution pour l'excursion Jetovator \u00e0 Tenerife est de 21 \u20ac\/personne.<\/strong><\/p>\n\n\n<div class=\"wp-block-group\"><div class=\"wp-block-group__inner-container is-layout-flow wp-block-group-is-layout-flow\">\n<figure class=\"wp-block-image size-full is-resized\"><a href=\"https:\/\/wa.me\/34617209491\" target=\"_blank\" rel=\"noopener\"><img decoding=\"async\" src=\"https:\/\/triperife-excursions.com\/wp-content\/uploads\/2022\/09\/whatsapp-booking.png.webp\" alt=\"\" class=\"wp-image-421\" width=\"239\" height=\"47\" srcset=\"https:\/\/triperife-excursions.com\/wp-content\/uploads\/2022\/09\/whatsapp-booking.png.webp 518w, https:\/\/triperife-excursions.com\/wp-content\/uploads\/2022\/09\/whatsapp-booking.png-300x58.webp 300w\" sizes=\"(max-width: 239px) 100vw, 239px\" \/><\/a><\/figure>\n<\/div><\/div>","protected":false},"excerpt":{"rendered":"<p>Unique \u00e0 Tenerife, le jetovator est une \u00e9volution des flyboards d\u00e9j\u00e0 bien connus. Bien plus facile \u00e0 contr\u00f4ler qu'un flyboard, le jetovator est d\u00e9j\u00e0 l'activit\u00e9 aquatique la plus populaire de l'automne \u00e0 Tenerife. Gr\u00e2ce \u00e0 un puissant jet d'eau, vous volez au-dessus de l'eau et pouvez r\u00e9aliser toutes sortes de figures et d'acrobaties.  Ce Jetovater [...]<\/p>","protected":false},"featured_media":0,"comment_status":"open","ping_status":"closed","template":"","meta":{"_acf_changed":false,"_joinchat":[]},"product_brand":[],"product_cat":[20],"product_tag":[],"class_list":{"0":"post-1057","1":"product","2":"type-product","3":"status-publish","5":"product_cat-listeo-booking","7":"first","8":"instock","9":"virtual","10":"sold-individually","11":"purchasable","12":"product-type-listing_booking"},"acf":[],"_links":{"self":[{"href":"https:\/\/triperife-excursions.com\/fr\/wp-json\/wp\/v2\/product\/1057","targetHints":{"allow":["GET"]}}],"collection":[{"href":"https:\/\/triperife-excursions.com\/fr\/wp-json\/wp\/v2\/product"}],"about":[{"href":"https:\/\/triperife-excursions.com\/fr\/wp-json\/wp\/v2\/types\/product"}],"replies":[{"embeddable":true,"href":"https:\/\/triperife-excursions.com\/fr\/wp-json\/wp\/v2\/comments?post=1057"}],"wp:attachment":[{"href":"https:\/\/triperife-excursions.com\/fr\/wp-json\/wp\/v2\/media?parent=1057"}],"wp:term":[{"taxonomy":"product_brand","embeddable":true,"href":"https:\/\/triperife-excursions.com\/fr\/wp-json\/wp\/v2\/product_brand?post=1057"},{"taxonomy":"product_cat","embeddable":true,"href":"https:\/\/triperife-excursions.com\/fr\/wp-json\/wp\/v2\/product_cat?post=1057"},{"taxonomy":"product_tag","embeddable":true,"href":"https:\/\/triperife-excursions.com\/fr\/wp-json\/wp\/v2\/product_tag?post=1057"}],"curies":[{"name":"wp","href":"https:\/\/api.w.org\/{rel}","templated":true}]}}