{"id":1049,"date":"2022-09-29T14:28:12","date_gmt":"2022-09-29T13:28:12","guid":{"rendered":"https:\/\/triperife-excursions.com\/product\/wakeboarding\/"},"modified":"2022-11-06T14:28:27","modified_gmt":"2022-11-06T13:28:27","slug":"wakeboarding","status":"publish","type":"product","link":"https:\/\/triperife-excursions.com\/fr\/produit\/wakeboarding-2\/","title":{"rendered":"Wakeboarding"},"content":{"rendered":"<p>Envie de faire du wakeboard \u00e0 Tenerife ? Nous avons une fantastique session de wakeboard \u00e0 Tenerife.<\/p>\n<p>Le puissant bateau \u00e0 moteur vous tire vers l'avant o\u00f9 vous bravez les vagues sur une sorte de snowboard. Vous pouvez choisir entre deux cr\u00e9neaux horaires diff\u00e9rents. Tout l'\u00e9quipement n\u00e9cessaire au wakeboard est fourni : wakeboard, moniteur, gilet de sauvetage,...<\/p>\n<p><span style=\"color: #f139ff;\"><strong>Ne payez qu'un acompte.<\/strong><\/span><\/p>\n<p>Une fois votre r\u00e9servation trait\u00e9e par nos soins, vous ne payez qu'un acompte.<br>Vous payez le solde au d\u00e9but de l'excursion.<br><strong>La caution pour l'excursion de Wakeboarding \u00e0 Tenerife est de \u20ac10\/Personne.<\/strong><\/p>\n\n\n<div class=\"wp-block-group\"><div class=\"wp-block-group__inner-container is-layout-flow wp-block-group-is-layout-flow\">\n<figure class=\"wp-block-image size-full is-resized\"><a href=\"https:\/\/wa.me\/34617209491\" target=\"_blank\" rel=\"noopener\"><img decoding=\"async\" src=\"https:\/\/triperife-excursions.com\/wp-content\/uploads\/2022\/09\/whatsapp-booking.png.webp\" alt=\"\" class=\"wp-image-421\" width=\"239\" height=\"47\" srcset=\"https:\/\/triperife-excursions.com\/wp-content\/uploads\/2022\/09\/whatsapp-booking.png.webp 518w, https:\/\/triperife-excursions.com\/wp-content\/uploads\/2022\/09\/whatsapp-booking.png-300x58.webp 300w\" sizes=\"(max-width: 239px) 100vw, 239px\" \/><\/a><\/figure>\n<\/div><\/div>","protected":false},"excerpt":{"rendered":"<p>Envie de faire du wakeboard \u00e0 Tenerife ? Nous vous proposons une fantastique session de wakeboard \u00e0 Tenerife. Le puissant bateau \u00e0 moteur vous tire vers l'avant o\u00f9 vous bravez les vagues sur une sorte de planche \u00e0 neige. Vous avez le choix entre deux cr\u00e9neaux horaires diff\u00e9rents. Toutes les fournitures pour le wakeboard sont fournies, comme le wakeboard, le moniteur, le gilet de sauvetage,... Il suffit de payer un acompte. Une fois votre r\u00e9servation effectu\u00e9e [...]<\/p>","protected":false},"featured_media":0,"comment_status":"open","ping_status":"closed","template":"","meta":{"_acf_changed":false,"_joinchat":[]},"product_brand":[],"product_cat":[20],"product_tag":[],"class_list":{"0":"post-1049","1":"product","2":"type-product","3":"status-publish","5":"product_cat-listeo-booking","7":"first","8":"instock","9":"virtual","10":"sold-individually","11":"purchasable","12":"product-type-listing_booking"},"acf":[],"_links":{"self":[{"href":"https:\/\/triperife-excursions.com\/fr\/wp-json\/wp\/v2\/product\/1049","targetHints":{"allow":["GET"]}}],"collection":[{"href":"https:\/\/triperife-excursions.com\/fr\/wp-json\/wp\/v2\/product"}],"about":[{"href":"https:\/\/triperife-excursions.com\/fr\/wp-json\/wp\/v2\/types\/product"}],"replies":[{"embeddable":true,"href":"https:\/\/triperife-excursions.com\/fr\/wp-json\/wp\/v2\/comments?post=1049"}],"wp:attachment":[{"href":"https:\/\/triperife-excursions.com\/fr\/wp-json\/wp\/v2\/media?parent=1049"}],"wp:term":[{"taxonomy":"product_brand","embeddable":true,"href":"https:\/\/triperife-excursions.com\/fr\/wp-json\/wp\/v2\/product_brand?post=1049"},{"taxonomy":"product_cat","embeddable":true,"href":"https:\/\/triperife-excursions.com\/fr\/wp-json\/wp\/v2\/product_cat?post=1049"},{"taxonomy":"product_tag","embeddable":true,"href":"https:\/\/triperife-excursions.com\/fr\/wp-json\/wp\/v2\/product_tag?post=1049"}],"curies":[{"name":"wp","href":"https:\/\/api.w.org\/{rel}","templated":true}]}}