{"id":1028,"date":"2022-09-29T13:01:36","date_gmt":"2022-09-29T12:01:36","guid":{"rendered":"https:\/\/triperife-excursions.com\/product\/jeep-safari-la-gomera\/"},"modified":"2025-03-29T13:06:42","modified_gmt":"2025-03-29T12:06:42","slug":"jeep-safari-la-gomera","status":"publish","type":"product","link":"https:\/\/triperife-excursions.com\/fr\/produit\/jeep-safari-la-gomera-2\/","title":{"rendered":"Jeep Safari La Gomera"},"content":{"rendered":"<p>A propos de ce Jeep Safari La Gomera<br \/>Mettez le cap sur l'une des \u00eeles uniques au monde et voyagez confortablement en petit groupe lors d'un safari en jeep. Y a-t-il un meilleur moyen de d\u00e9couvrir les merveilles naturelles que rec\u00e8le une \u00eele qui a tant \u00e0 offrir ?<\/p>\n<p>Notre circuit \u00e0 La Gomera a tout pour plaire.<br \/>L'exp\u00e9rience comprend tout ce dont vous pourriez avoir besoin. Tamar\u00e1n vient vous chercher \u00e0 votre h\u00e9bergement ou \u00e0 un endroit proche et vous emm\u00e8ne au point de d\u00e9part. Il s'agit soit de Puerto de la Cruz (d\u00e9part du nord), soit de Playa de las Am\u00e9ricas (d\u00e9part du sud). Le ferry vous transportera ensuite en douceur sur les eaux de l'Atlantique jusqu'\u00e0 San Sebasti\u00e1n de La Gomera, votre premier point de contact avec une \u00eele qui peut surprendre aussi bien les habitants que les visiteurs. Saviez-vous qu'elle poss\u00e8de sa propre langue siffl\u00e9e, le silbo gomero, qui fait partie du patrimoine culturel de l'humanit\u00e9 ?<\/p>\n<p>Vous rejoindrez une caravane de jeeps qui se rendra sur les sites les plus fascinants de l'\u00eele, notamment le parc national de Garajonay. Vous serez fascin\u00e9 par la gentillesse des gens et l'incroyable patrimoine naturel qui vous entoure o\u00f9 que vous regardiez.<\/p>\n<p>Ce safari en jeep sur La Gomera comprend \u00e9galement le d\u00e9jeuner dans un restaurant local o\u00f9 vous pourrez go\u00fbter aux d\u00e9lices locaux avant de vous rendre \u00e0 la fin de votre itin\u00e9raire. Enfin, le ferry vous ram\u00e8ne au point de d\u00e9part et vous retournez \u00e0 votre h\u00e9bergement ou \u00e0 un point de chute proche. Il n'y a aucun doute : vous reviendrez rayonnant d'une oreille \u00e0 l'autre apr\u00e8s avoir visit\u00e9 l'une des \u00eeles les plus insolites du monde.<\/p>\n<p><strong>Ne payer qu'une avance<\/strong><\/p>\n<p>Une fois votre r\u00e9servation trait\u00e9e par nos soins, vous ne payez qu'un acompte.<br \/>Vous payez le solde au d\u00e9but de l'excursion.<br \/><strong>La caution pour le safari en jeep \u00e0 La Gomera est de 15 \u20ac\/personne.<\/strong><\/p>\n\n<div class=\"wp-block-group\"><div class=\"wp-block-group__inner-container is-layout-flow wp-block-group-is-layout-flow\">\n<figure class=\"wp-block-image size-full is-resized\"><a href=\"https:\/\/wa.me\/34617209491\" target=\"_blank\" rel=\"noopener\"><img decoding=\"async\" src=\"https:\/\/triperife-excursions.com\/wp-content\/uploads\/2022\/09\/whatsapp-booking.png.webp\" alt=\"\" class=\"wp-image-421\" width=\"239\" height=\"47\" srcset=\"https:\/\/triperife-excursions.com\/wp-content\/uploads\/2022\/09\/whatsapp-booking.png.webp 518w, https:\/\/triperife-excursions.com\/wp-content\/uploads\/2022\/09\/whatsapp-booking.png-300x58.webp 300w\" sizes=\"(max-width: 239px) 100vw, 239px\" \/><\/a><\/figure>\n<\/div><\/div>\n\t\t\n\t\t\t<!-- Triperife Excursion Booking Widget (iframe) -->\n<iframe \n  src=\"https:\/\/aa2594be-2a91-4c4f-bc40-5c1d563e20d8.lovableproject.com\/embed\/1f619d4f-450a-4240-aa50-60cb14e0d96c\" \n  width=\"130%\" \n  height=\"700\" \n  frameborder=\"0\" \n  title=\"R\u00e9server le parachute ascensionnel\"\n  style=\"border-radius: 16px; box-shadow: 1 10px 30px rgba(0,0,0,0.08); max-width: 3000px; margin: 0 auto; display: block;\"\n  allow=\"accelerometer; autoplay; clipboard-write; encrypted-media; gyroscope; payment\"\n  allowfullscreen\n><\/iframe>\n<!-- End Triperperife Excursion Booking Widget -->","protected":false},"excerpt":{"rendered":"<p>\u00c0 propos de ce safari en jeep La GomeraPartez pour l'une des \u00eeles les plus uniques au monde et voyagez confortablement en petit groupe lors d'un safari en jeep. Existe-t-il un meilleur moyen de d\u00e9couvrir les merveilles naturelles d'une \u00eele qui a tant \u00e0 offrir ? Notre circuit \u00e0 La Gomera a tout pour plaireL'exp\u00e9rience comprend [...]<\/p>","protected":false},"featured_media":0,"comment_status":"open","ping_status":"closed","template":"","meta":{"_acf_changed":false,"_joinchat":[]},"product_brand":[],"product_cat":[20],"product_tag":[],"class_list":{"0":"post-1028","1":"product","2":"type-product","3":"status-publish","5":"product_cat-listeo-booking","7":"first","8":"instock","9":"virtual","10":"sold-individually","11":"purchasable","12":"product-type-listing_booking"},"acf":[],"_links":{"self":[{"href":"https:\/\/triperife-excursions.com\/fr\/wp-json\/wp\/v2\/product\/1028","targetHints":{"allow":["GET"]}}],"collection":[{"href":"https:\/\/triperife-excursions.com\/fr\/wp-json\/wp\/v2\/product"}],"about":[{"href":"https:\/\/triperife-excursions.com\/fr\/wp-json\/wp\/v2\/types\/product"}],"replies":[{"embeddable":true,"href":"https:\/\/triperife-excursions.com\/fr\/wp-json\/wp\/v2\/comments?post=1028"}],"wp:attachment":[{"href":"https:\/\/triperife-excursions.com\/fr\/wp-json\/wp\/v2\/media?parent=1028"}],"wp:term":[{"taxonomy":"product_brand","embeddable":true,"href":"https:\/\/triperife-excursions.com\/fr\/wp-json\/wp\/v2\/product_brand?post=1028"},{"taxonomy":"product_cat","embeddable":true,"href":"https:\/\/triperife-excursions.com\/fr\/wp-json\/wp\/v2\/product_cat?post=1028"},{"taxonomy":"product_tag","embeddable":true,"href":"https:\/\/triperife-excursions.com\/fr\/wp-json\/wp\/v2\/product_tag?post=1028"}],"curies":[{"name":"wp","href":"https:\/\/api.w.org\/{rel}","templated":true}]}}