{"id":807,"date":"2022-09-25T08:36:52","date_gmt":"2022-09-25T07:36:52","guid":{"rendered":"https:\/\/triperife-excursions.com\/product\/teide-adventure-buggy\/"},"modified":"2024-05-02T09:18:13","modified_gmt":"2024-05-02T08:18:13","slug":"teide-adventure-buggy","status":"publish","type":"product","link":"https:\/\/triperife-excursions.com\/es\/producto\/teide-adventure-buggy-2\/","title":{"rendered":"Teide Adventure Buggy"},"content":{"rendered":"<p>La excursi\u00f3n comienza en nuestra base, situada en el Kaluna Beach Club, y termina en el Parque Nacional del Teide. Seguimos la carretera de la costa hasta Los Gigantes, donde nos detenemos para admirar los hermosos acantilados, y luego continuamos por Chio y Guia de Isora, hasta el parque nacional. Conducimos por la carretera a trav\u00e9s del bosque y la lava seca, hasta el famoso mirador de Las Ca\u00f1adas del Teide, donde los clientes pueden relajarse, tomar fotos panor\u00e1micas y, sobre todo, respirar aire puro a una altitud de 2200 metros. Desde la carretera TF21, descendemos hasta VILAFLOR, el pueblo m\u00e1s alto de Espa\u00f1a, a 1466 metros. Paramos para tomar un tentempi\u00e9 (incluido en el precio), antes de regresar a Las Am\u00e9ricas. En el camino de vuelta, disfrutamos de las fant\u00e1sticas vistas de la costa sur.<\/p>\n<p>Se requiere un permiso de conducir v\u00e1lido para el conductor del buggy. Este viaje dura 3h30<\/p>\n<p>En este viaje, usted no va a ir fuera de la carretera<\/p>\n<p>Mismo precio para la silla de paseo individual que para la doble.<\/p>\n<p>Este viaje tambi\u00e9n es posible en un buggy de 4 plazas.<\/p>\n<p><span style=\"color: #ff00ff;\"><strong>Pague s\u00f3lo un dep\u00f3sito.<\/strong><\/span><\/p>\n<p>Una vez que hayamos tramitado su reserva, s\u00f3lo tendr\u00e1 que pagar un dep\u00f3sito.<br \/>Usted paga el saldo restante al inicio de la excursi\u00f3n<br \/><strong>La fianza para el Teide Buggy Adventure en Tenerife es de 60 \u20ac\/Buggy<\/strong><\/p>\n\n\n<div class=\"wp-block-group\"><div class=\"wp-block-group__inner-container is-layout-flow wp-block-group-is-layout-flow\">\n<figure class=\"wp-block-image size-full is-resized\"><a href=\"https:\/\/wa.me\/34617209491\" target=\"_blank\" rel=\"noopener\"><img decoding=\"async\" src=\"https:\/\/triperife-excursions.com\/wp-content\/uploads\/2022\/09\/whatsapp-booking.png.webp\" alt=\"\" class=\"wp-image-421\" width=\"239\" height=\"47\" srcset=\"https:\/\/triperife-excursions.com\/wp-content\/uploads\/2022\/09\/whatsapp-booking.png.webp 518w, https:\/\/triperife-excursions.com\/wp-content\/uploads\/2022\/09\/whatsapp-booking.png-300x58.webp 300w\" sizes=\"(max-width: 239px) 100vw, 239px\" \/><\/a><\/figure>\n<\/div><\/div>","protected":false},"excerpt":{"rendered":"<p>La excursi\u00f3n comienza en nuestra base, situada en el Kaluna Beach Club, y termina en el Parque Nacional del Teide. Seguimos la carretera de la costa hasta Los Gigantes, donde nos detenemos para admirar los hermosos acantilados, y luego continuamos por Chio y Guia de Isora, hasta el parque nacional. Conducimos por la carretera a trav\u00e9s del [...]<\/p>","protected":false},"featured_media":0,"comment_status":"open","ping_status":"closed","template":"","meta":{"_acf_changed":false,"_joinchat":[]},"product_brand":[],"product_cat":[20],"product_tag":[],"class_list":{"0":"post-807","1":"product","2":"type-product","3":"status-publish","5":"product_cat-listeo-booking","7":"first","8":"instock","9":"virtual","10":"sold-individually","11":"purchasable","12":"product-type-listing_booking"},"acf":[],"_links":{"self":[{"href":"https:\/\/triperife-excursions.com\/es\/wp-json\/wp\/v2\/product\/807","targetHints":{"allow":["GET"]}}],"collection":[{"href":"https:\/\/triperife-excursions.com\/es\/wp-json\/wp\/v2\/product"}],"about":[{"href":"https:\/\/triperife-excursions.com\/es\/wp-json\/wp\/v2\/types\/product"}],"replies":[{"embeddable":true,"href":"https:\/\/triperife-excursions.com\/es\/wp-json\/wp\/v2\/comments?post=807"}],"wp:attachment":[{"href":"https:\/\/triperife-excursions.com\/es\/wp-json\/wp\/v2\/media?parent=807"}],"wp:term":[{"taxonomy":"product_brand","embeddable":true,"href":"https:\/\/triperife-excursions.com\/es\/wp-json\/wp\/v2\/product_brand?post=807"},{"taxonomy":"product_cat","embeddable":true,"href":"https:\/\/triperife-excursions.com\/es\/wp-json\/wp\/v2\/product_cat?post=807"},{"taxonomy":"product_tag","embeddable":true,"href":"https:\/\/triperife-excursions.com\/es\/wp-json\/wp\/v2\/product_tag?post=807"}],"curies":[{"name":"wp","href":"https:\/\/api.w.org\/{rel}","templated":true}]}}