{"id":1671,"date":"2022-10-30T10:34:55","date_gmt":"2022-10-30T09:34:55","guid":{"rendered":"https:\/\/triperife-excursions.com\/product\/aqualand\/"},"modified":"2025-07-24T08:15:09","modified_gmt":"2025-07-24T07:15:09","slug":"aqualand","status":"publish","type":"product","link":"https:\/\/triperife-excursions.com\/es\/producto\/aqualand\/","title":{"rendered":"Entradas Aqualand"},"content":{"rendered":"<h2 class=\"wp-block-heading\">Comprar entradas Aqualand online<\/h2>\n\n\n<p>Aqualand, en Adeje, Tenerife, es un lugar estupendo para pasar un d\u00eda con los amigos y la familia. El parque est\u00e1 repleto de numerosas atracciones acu\u00e1ticas que har\u00e1n que pase un d\u00eda lleno de diversi\u00f3n en el agua. El parque cuenta con toboganes de todas las formas y tama\u00f1os, incluidos los famosos \"King Cobra\" y \"Tornado\". Tambi\u00e9n hay varias piscinas, una piscina de olas, un circuito de aguas bravas y una zona infantil donde los m\u00e1s peque\u00f1os pueden jugar sin peligro.<\/p>\n<p>Adem\u00e1s, tambi\u00e9n hay un espect\u00e1culo de delfines en Aqualand que atrae a j\u00f3venes y mayores por igual. Este espect\u00e1culo no s\u00f3lo es entretenido, sino tambi\u00e9n educativo. Le sorprender\u00e1 la inteligencia y el comportamiento de estos magn\u00edficos animales.<\/p>\n<p>Adem\u00e1s de las atracciones y espect\u00e1culos, Aqualand Tenerife tambi\u00e9n ofrece numerosas opciones gastron\u00f3micas. Puede disfrutar de una deliciosa comida en uno de los restaurantes u optar por un bocado r\u00e1pido en uno de los bares de aperitivos. Hay para todos los gustos, desde hamburguesas hasta ensaladas frescas y s\u00e1ndwiches.<\/p>\n<p>Si busca una doble dosis de diversi\u00f3n, tambi\u00e9n puede comprar una entrada doble, que le da acceso a Aqualand y a <a href=\"https:\/\/triperife-excursions.com\/es\/listing\/jungle-park\/\">Jungla Park<\/a>otro parque natural de Tenerife. <a href=\"https:\/\/triperife-excursions.com\/es\/listing\/jungle-park\/\">Jungla Park<\/a> ofrece una experiencia inolvidable, con animales ex\u00f3ticos y atracciones que gustar\u00e1n tanto a ni\u00f1os como a adultos.<\/p>\n<p>Compra tus entradas para Aqualand Tenerife y <a href=\"https:\/\/triperife-excursions.com\/es\/listing\/jungle-park\/\">Jungla Park<\/a> en las excursiones de Triperife y s\u00e1ltese las colas en la entrada del parque. Nuestro equipo le garantizar\u00e1 una experiencia perfecta y sin estr\u00e9s para que pueda disfrutar de un d\u00eda inolvidable de diversi\u00f3n y aventura en Tenerife.<\/p>\n<p>Para quienes busquen una aventura a\u00fan m\u00e1s desafiante, tambi\u00e9n recomendamos visitar <a href=\"https:\/\/triperife-excursions.com\/es\/listing\/siam-park\/\">Parque Siam<\/a> a. Este parque ofrece una serie de atracciones llenas de adrenalina, especialmente adecuadas para adolescentes y adultos. Con emocionantes toboganes, una zona de surf, un r\u00edo lento y una piscina de olas, hay para todos los gustos. <a href=\"https:\/\/triperife-excursions.com\/es\/listing\/siam-park\/\">Parque Siam<\/a> Tambi\u00e9n es conocido por su espectacular arquitectura y su entorno tropical, que hacen del parque un lugar fant\u00e1stico para pasar un d\u00eda de diversi\u00f3n.<\/p>\n<p><strong>Los billetes adquiridos son v\u00e1lidos durante 90 d\u00edas a partir de la fecha de compra.<\/strong><\/p>\n\n\n<div class=\"wp-block-group\"><div class=\"wp-block-group__inner-container is-layout-flow wp-block-group-is-layout-flow\">\n<figure class=\"wp-block-image size-full is-resized\"><a href=\"https:\/\/wa.me\/34617209491\" target=\"_blank\" rel=\"noopener\"><img decoding=\"async\" src=\"https:\/\/triperife-excursions.com\/wp-content\/uploads\/2022\/09\/whatsapp-booking.png.webp\" alt=\"\" class=\"wp-image-421\" width=\"239\" height=\"47\" srcset=\"https:\/\/triperife-excursions.com\/wp-content\/uploads\/2022\/09\/whatsapp-booking.png.webp 518w, https:\/\/triperife-excursions.com\/wp-content\/uploads\/2022\/09\/whatsapp-booking.png-300x58.webp 300w\" sizes=\"(max-width: 239px) 100vw, 239px\" \/><\/a><\/figure>\n<\/div><\/div>","protected":false},"excerpt":{"rendered":"<p>Comprar entradas Aqualand online Aqualand en Adeje, Tenerife es un gran lugar para pasar un d\u00eda con amigos y familiares. El parque est\u00e1 repleto de numerosas atracciones acu\u00e1ticas que har\u00e1n que pase un d\u00eda lleno de diversi\u00f3n en el agua. El parque cuenta con toboganes de todas las formas y tama\u00f1os, incluyendo los famosos \"King Cobra\" y \"Tornado\". Tambi\u00e9n hay varios [...]<\/p>","protected":false},"featured_media":0,"comment_status":"open","ping_status":"closed","template":"","meta":{"_acf_changed":false,"_joinchat":[]},"product_brand":[],"product_cat":[20],"product_tag":[],"class_list":{"0":"post-1671","1":"product","2":"type-product","3":"status-publish","5":"product_cat-listeo-booking","7":"first","8":"instock","9":"virtual","10":"sold-individually","11":"purchasable","12":"product-type-listing_booking"},"acf":[],"_links":{"self":[{"href":"https:\/\/triperife-excursions.com\/es\/wp-json\/wp\/v2\/product\/1671","targetHints":{"allow":["GET"]}}],"collection":[{"href":"https:\/\/triperife-excursions.com\/es\/wp-json\/wp\/v2\/product"}],"about":[{"href":"https:\/\/triperife-excursions.com\/es\/wp-json\/wp\/v2\/types\/product"}],"replies":[{"embeddable":true,"href":"https:\/\/triperife-excursions.com\/es\/wp-json\/wp\/v2\/comments?post=1671"}],"wp:attachment":[{"href":"https:\/\/triperife-excursions.com\/es\/wp-json\/wp\/v2\/media?parent=1671"}],"wp:term":[{"taxonomy":"product_brand","embeddable":true,"href":"https:\/\/triperife-excursions.com\/es\/wp-json\/wp\/v2\/product_brand?post=1671"},{"taxonomy":"product_cat","embeddable":true,"href":"https:\/\/triperife-excursions.com\/es\/wp-json\/wp\/v2\/product_cat?post=1671"},{"taxonomy":"product_tag","embeddable":true,"href":"https:\/\/triperife-excursions.com\/es\/wp-json\/wp\/v2\/product_tag?post=1671"}],"curies":[{"name":"wp","href":"https:\/\/api.w.org\/{rel}","templated":true}]}}