{"id":1470,"date":"2022-10-25T15:18:15","date_gmt":"2022-10-25T14:18:15","guid":{"rendered":"https:\/\/triperife-excursions.com\/product\/siam-park\/"},"modified":"2025-07-24T08:12:42","modified_gmt":"2025-07-24T07:12:42","slug":"siam-park","status":"publish","type":"product","link":"https:\/\/triperife-excursions.com\/es\/producto\/siam-park-2\/","title":{"rendered":"Entradas Siam Park"},"content":{"rendered":"<p><\/p>\n<h2 class=\"wp-block-heading\">Compre sus entradas para Siam Park en l\u00ednea<\/h2>\n<p><\/p>\n<p><\/p>\n<p><\/p>\n<p><\/p>\n<p>\u00bfBusca una aventura inolvidable durante sus vacaciones en Tenerife? No busque m\u00e1s. Siam Park Tickets, mundialmente famoso por sus impresionantes atracciones y temas \u00fanicos, ofrece diversi\u00f3n para toda la familia.<\/p>\n<p><\/p>\n<p><\/p>\n<h2 class=\"wp-block-heading\">Entradas Siam Park: Un mundo de diversi\u00f3n<\/h2>\n<p><\/p>\n<p><\/p>\n<p>Las entradas para Siam Park garantizan un d\u00eda de diversi\u00f3n y emoci\u00f3n. El parque cuenta con atracciones para todas las edades y niveles de aventura. Tanto si es un adicto a la adrenalina como si busca relajarse, Siam Park Tickets tiene algo para todos.<\/p>\n<p><\/p>\n<p><\/p>\n<h2 class=\"wp-block-heading\">Subid\u00f3n de adrenalina con la Torre de la Energ\u00eda<\/h2>\n<p><\/p>\n<p><\/p>\n<p>Para los verdaderos temerarios, est\u00e1 la Torre del Poder. Este vertiginoso tobog\u00e1n te deja caer casi en vertical antes de deslizarte por un acuario lleno de tiburones y rayas. Una experiencia inolvidable.<\/p>\n<p><\/p>\n<p><\/p>\n<h2 class=\"wp-block-heading\">Diversi\u00f3n en familia con el Drag\u00f3n<\/h2>\n<p><\/p>\n<p><\/p>\n<p>El Drag\u00f3n es otra atracci\u00f3n popular para toda la familia. Aqu\u00ed podr\u00e1 deslizarse por t\u00faneles serpenteantes, cascadas y curvas sorprendentes en una boya para dos personas. \u00a1Un paseo lleno de aventuras y risas!<\/p>\n<p><\/p>\n<p><\/p>\n<h2 class=\"wp-block-heading\">Relajaci\u00f3n en la playa y en la piscina de olas<\/h2>\n<p><\/p>\n<p><\/p>\n<p>Si prefiere algo m\u00e1s tranquilo, puede disfrutar de las exuberantes playas y la piscina de olas gigantes de Siam Park. Aqu\u00ed podr\u00e1 relajarse y sentir el sol en la piel. Para los m\u00e1s peque\u00f1os, hay una piscina infantil separada y una zona de juegos con un drag\u00f3n gigante como pieza central.<\/p>\n<p><\/p>\n<p><\/p>\n<h2 class=\"wp-block-heading\">La nueva atracci\u00f3n de Siam Park: Saifa<\/h2>\n<p>Prep\u00e1rese para una emocionante aventura en Siam Park Tickets con la nueva atracci\u00f3n Saifa. Saifa, que significa \"rel\u00e1mpago\" en tailand\u00e9s, hace honor a su nombre y ofrece emociones a gran velocidad.<\/p>\n<p>Este tobog\u00e1n doble le lleva a un vertiginoso viaje desde una impresionante altura de 82 metros, prometiendo una intensa experiencia que elevar\u00e1 su adrenalina al m\u00e1ximo. Con los dos toboganes arrancando simult\u00e1neamente, correr\u00e1s a una asombrosa velocidad de 10 metros por segundo, recorriendo 306 metros de giros, cruces y pura emoci\u00f3n. No es una atracci\u00f3n cualquiera; es una aventura llena de adrenalina, que convierte a Saifa en la atracci\u00f3n m\u00e1s larga y emocionante del parque.\u00a0<a href=\"https:\/\/www.youtube.com\/watch?v=qCvPJd0EDIo\" target=\"_blank\" rel=\"noopener\">Vea aqu\u00ed el v\u00eddeo de la nueva atracci\u00f3n de Siam Park<\/a>.<\/p>\n<h2>Entradas Fastpass Siam Park incluidas con la entrada VIP<\/h2>\n<p><\/p>\n<p><\/p>\n<p>\u00bfQuiere evitar las colas y disfrutar al m\u00e1ximo de su d\u00eda en Siam Park? Entonces opte por nuestras entradas VIP. Estas entradas especiales incluyen el Fastpass, que le da acceso r\u00e1pido a las atracciones m\u00e1s populares. De este modo, no tendr\u00e1 que esperar y podr\u00e1 pasar m\u00e1s tiempo disfrutando de las emociones de Siam Park.<\/p>\n<p><\/p>\n<p><\/p>\n<h2 class=\"wp-block-heading\">Reserve entradas para el Parque Siam en Triperife Excursions<\/h2>\n<p><\/p>\n<p><\/p>\n<p>\u00bfQuiere planificar su visita a Siam Park? Entonces reserve sus entradas para Siam Park con Triperife Excursions y viva un d\u00eda lleno de aventura y diversi\u00f3n. Nuestras entradas para Siam Park incluyen un c\u00f3modo transporte en autob\u00fas desde el sur de Tenerife, lo que le permitir\u00e1 disfrutar de su d\u00eda en el parque sin preocupaciones.<\/p>\n<p><\/p>\n<p><\/p>\n<h2 class=\"wp-block-heading\">Descubra m\u00e1s con Twin Tickets<\/h2>\n<p><\/p>\n<p><\/p>\n<p>Si desea explorar m\u00e1s durante sus vacaciones en Tenerife, Triperife Excursions tambi\u00e9n ofrece entradas dobles. Estas entradas le dan acceso tanto al Siam Park como al <a href=\"https:\/\/triperife-excursions.com\/es\/listing\/loro-park\/\">Loro Parque,<\/a> dos parques mundialmente famosos, a un precio de ganga. Haz que sea un d\u00eda inolvidable y explora ambos parques durante tu estancia en Tenerife.<\/p>\n<p><\/p>\n<p><\/p>\n<p>No pierda esta oportunidad de experimentar la emoci\u00f3n y la belleza de Siam Park. Reserve sus entradas hoy mismo y haga que sus vacaciones en Tenerife sean a\u00fan m\u00e1s especiales con una visita a este espectacular parque acu\u00e1tico.\u00a0\u00a0<\/p>\n<p><\/p>\n<p>\n<div class=\"wp-block-group\"><div class=\"wp-block-group__inner-container is-layout-flow wp-block-group-is-layout-flow\">\n<figure class=\"wp-block-image size-full is-resized\"><a href=\"https:\/\/wa.me\/34617209491\" target=\"_blank\" rel=\"noopener\"><img decoding=\"async\" src=\"https:\/\/triperife-excursions.com\/wp-content\/uploads\/2022\/09\/whatsapp-booking.png.webp\" alt=\"\" class=\"wp-image-421\" width=\"239\" height=\"47\" srcset=\"https:\/\/triperife-excursions.com\/wp-content\/uploads\/2022\/09\/whatsapp-booking.png.webp 518w, https:\/\/triperife-excursions.com\/wp-content\/uploads\/2022\/09\/whatsapp-booking.png-300x58.webp 300w\" sizes=\"(max-width: 239px) 100vw, 239px\" \/><\/a><\/figure>\n<\/div><\/div>\n<\/p>\t\t\n\t\t\t<a href=\"https:\/\/wa.me\/34617209491\" target=\"_blank\" rel=\"noopener\">\n\t\t\t\t\t\tReserva por Whatsapp\n\t\t\t\t\t<\/a>\n\t\t\t<h2>Preguntas m\u00e1s frecuentes<\/h2>\t\t\n\t\t\t\t\t\t\t\t\t\t\t\t<a tabindex=\"0\">\u00bfCu\u00e1l es el horario de apertura de Siam Park?<\/a>\n\t\t\t\t\t<p>Siam Park est\u00e1 abierto todo el a\u00f1o de 10.00 a 17.00 h.<\/p>\n\t\t\t\t\t\t\t\t\t\t\t\t<a tabindex=\"0\">\u00bfHay una duraci\u00f3n m\u00ednima para las atracciones de Siam Park?<\/a>\n\t\t\t\t\t<p>S\u00ed, algunas atracciones de Siam Park tienen un requisito de altura m\u00ednima. Aqu\u00ed hemos enumerado las atracciones con una longitud m\u00ednima.<\/p>\n<ul>\n<li><b>Torre de energ\u00eda<\/b>M\u00ednimo 140 cm o 4,59 pies<\/li>\n<li><b>Singha<\/b>125 cm o 4,10 pies\u00a0<\/li>\n<li><b>Volc\u00e1n<\/b>125 cm o 4,10 pies<\/li>\n<li><b>Drag\u00f3n<\/b>125 cm o 4,10 pies<\/li>\n<li><b>Kinnaree<\/b>125 cm o 4,10 pies<\/li>\n<li><b>Gigante<\/b>125 cm o 4,10 pies<\/li>\n<li><b>Serpiente de la selva:<\/b> 110\/125 cm o 3,6\/4,10 pies<\/li>\n<li><b>R\u00e1pidos del Mekong<\/b>110 cm o 3,6 pies<\/li>\n<li><b>Naga Racer<\/b>110 cm o 3,6 pies<\/li>\n<\/ul>\nTodas las dem\u00e1s atracciones del Siam Park no tienen un requisito de longitud m\u00ednima,\n\t\t\t\t\t\t\t\t\t\t\t\t<a tabindex=\"0\">\u00bfOfrece Siam Park taquillas para mis efectos personales?<\/a>\n\t\t\t\t\tS\u00ed, Siam Park ofrece taquillas donde los visitantes pueden guardar sus objetos personales de forma segura durante su visita. Esto resulta pr\u00e1ctico para proteger sus objetos de valor mientras disfruta de las atracciones.\n\t\t\t\t\t\t\t\t\t\t\t\t<a tabindex=\"0\">\u00bfHay un servicio de autob\u00fas gratuito de Costa Adeje a Siam Park?<\/a>\n\t\t\t\t\tS\u00ed, Siam Park ofrece un servicio gratuito de autob\u00fas desde Costa Adeje hasta el parque. Este c\u00f3modo servicio garantiza un viaje sin complicaciones y un disfrute \u00f3ptimo de su d\u00eda en el parque.\n\t\t\t\t\t\t\t\t\t\t\t\t<a tabindex=\"0\">\u00bfQu\u00e9 son las entradas FastPass en Siam Park?<\/a>\n\t\t\t\t\tLas entradas FastPass en Siam Park son entradas especiales que le dan acceso m\u00e1s r\u00e1pido a las atracciones y toboganes del parque, reduciendo el tiempo de espera en las colas. Estas entradas pueden adquirirse por separado en el parque, pero el n\u00famero de entradas FastPass disponibles es limitado. Recomendamos encarecidamente llegar pronto antes de la hora de apertura del parque para comprar las entradas FastPass, ya que pueden agotarse r\u00e1pidamente. Si tiene una entrada VIP para Siam Park, las entradas FastPass est\u00e1n incluidas como parte del paquete, por lo que puede estar seguro de conseguir una entrada FastPass.\n\t\t\t\t\t\t\t\t\t\t\t\t<a tabindex=\"0\">\u00bfD\u00f3nde puedo reservar entradas para Siam Park?<\/a>\n\t\t\t\t\tLas entradas para Siam Park se reservan f\u00e1cilmente en este sitio web, haga clic en reservar o env\u00edenos un mensaje de Whatsapp.","protected":false},"excerpt":{"rendered":"<p>Compre sus entradas online para Siam Park \u00bfBusca una aventura inolvidable durante sus vacaciones en Tenerife? No busque m\u00e1s. Siam Park Tickets, mundialmente famoso por sus impresionantes atracciones y temas \u00fanicos, ofrece diversi\u00f3n para toda la familia. Entradas Siam Park: Un mundo de diversi\u00f3n Las entradas Siam Park le garantizan un d\u00eda de diversi\u00f3n y [...]<\/p>","protected":false},"featured_media":0,"comment_status":"open","ping_status":"closed","template":"","meta":{"_acf_changed":false,"_joinchat":[]},"product_brand":[],"product_cat":[20],"product_tag":[],"class_list":{"0":"post-1470","1":"product","2":"type-product","3":"status-publish","5":"product_cat-listeo-booking","7":"first","8":"instock","9":"virtual","10":"sold-individually","11":"purchasable","12":"product-type-listing_booking"},"acf":[],"_links":{"self":[{"href":"https:\/\/triperife-excursions.com\/es\/wp-json\/wp\/v2\/product\/1470","targetHints":{"allow":["GET"]}}],"collection":[{"href":"https:\/\/triperife-excursions.com\/es\/wp-json\/wp\/v2\/product"}],"about":[{"href":"https:\/\/triperife-excursions.com\/es\/wp-json\/wp\/v2\/types\/product"}],"replies":[{"embeddable":true,"href":"https:\/\/triperife-excursions.com\/es\/wp-json\/wp\/v2\/comments?post=1470"}],"wp:attachment":[{"href":"https:\/\/triperife-excursions.com\/es\/wp-json\/wp\/v2\/media?parent=1470"}],"wp:term":[{"taxonomy":"product_brand","embeddable":true,"href":"https:\/\/triperife-excursions.com\/es\/wp-json\/wp\/v2\/product_brand?post=1470"},{"taxonomy":"product_cat","embeddable":true,"href":"https:\/\/triperife-excursions.com\/es\/wp-json\/wp\/v2\/product_cat?post=1470"},{"taxonomy":"product_tag","embeddable":true,"href":"https:\/\/triperife-excursions.com\/es\/wp-json\/wp\/v2\/product_tag?post=1470"}],"curies":[{"name":"wp","href":"https:\/\/api.w.org\/{rel}","templated":true}]}}