{"id":1057,"date":"2022-09-29T15:27:43","date_gmt":"2022-09-29T14:27:43","guid":{"rendered":"https:\/\/triperife-excursions.com\/product\/jetovator\/"},"modified":"2022-11-06T14:09:52","modified_gmt":"2022-11-06T13:09:52","slug":"jetovator","status":"publish","type":"product","link":"https:\/\/triperife-excursions.com\/es\/producto\/jetovator-2\/","title":{"rendered":"Jetovator"},"content":{"rendered":"<p>\u00danico en Tenerife, el jetovator es una evoluci\u00f3n del ya conocido <a href=\"https:\/\/triperife-excursions.com\/es\/listing\/flyboard-2\/\">flyboards<\/a>. El jetovator es mucho m\u00e1s f\u00e1cil de controlar que un flyboard y ya es la actividad acu\u00e1tica m\u00e1s popular del oto\u00f1o en Tenerife. Gracias a un potente chorro de agua, vuelas por encima del agua y puedes realizar todo tipo de trucos y acrobacias.  Esta experiencia Jetovater dura 25 minutos y se puede pilotar a partir de los 16 a\u00f1os.<\/p>\n<p><strong><span style=\"color: #f139ff;\">Pagar s\u00f3lo un anticipo<\/span><\/strong><\/p>\n<p>Una vez que hayamos tramitado su reserva, s\u00f3lo tendr\u00e1 que pagar un dep\u00f3sito.<br \/>Usted paga el saldo restante al inicio de la excursi\u00f3n<br \/><strong>El dep\u00f3sito para la excursi\u00f3n Jetovator en Tenerife es de 21 \u20ac\/Persona<\/strong><\/p>\n\n\n<div class=\"wp-block-group\"><div class=\"wp-block-group__inner-container is-layout-flow wp-block-group-is-layout-flow\">\n<figure class=\"wp-block-image size-full is-resized\"><a href=\"https:\/\/wa.me\/34617209491\" target=\"_blank\" rel=\"noopener\"><img decoding=\"async\" src=\"https:\/\/triperife-excursions.com\/wp-content\/uploads\/2022\/09\/whatsapp-booking.png.webp\" alt=\"\" class=\"wp-image-421\" width=\"239\" height=\"47\" srcset=\"https:\/\/triperife-excursions.com\/wp-content\/uploads\/2022\/09\/whatsapp-booking.png.webp 518w, https:\/\/triperife-excursions.com\/wp-content\/uploads\/2022\/09\/whatsapp-booking.png-300x58.webp 300w\" sizes=\"(max-width: 239px) 100vw, 239px\" \/><\/a><\/figure>\n<\/div><\/div>","protected":false},"excerpt":{"rendered":"<p>\u00danico en Tenerife, el jetovator es una evoluci\u00f3n del ya conocido flyboard. Mucho m\u00e1s f\u00e1cil de controlar que un flyboard, el jetovator es ya la actividad acu\u00e1tica m\u00e1s popular del oto\u00f1o en Tenerife. Gracias a un potente chorro de agua, vuelas por encima del agua y puedes realizar todo tipo de trucos y acrobacias.  Este Jetovater [...]<\/p>","protected":false},"featured_media":0,"comment_status":"open","ping_status":"closed","template":"","meta":{"_acf_changed":false,"_joinchat":[]},"product_brand":[],"product_cat":[20],"product_tag":[],"class_list":{"0":"post-1057","1":"product","2":"type-product","3":"status-publish","5":"product_cat-listeo-booking","7":"first","8":"instock","9":"virtual","10":"sold-individually","11":"purchasable","12":"product-type-listing_booking"},"acf":[],"_links":{"self":[{"href":"https:\/\/triperife-excursions.com\/es\/wp-json\/wp\/v2\/product\/1057","targetHints":{"allow":["GET"]}}],"collection":[{"href":"https:\/\/triperife-excursions.com\/es\/wp-json\/wp\/v2\/product"}],"about":[{"href":"https:\/\/triperife-excursions.com\/es\/wp-json\/wp\/v2\/types\/product"}],"replies":[{"embeddable":true,"href":"https:\/\/triperife-excursions.com\/es\/wp-json\/wp\/v2\/comments?post=1057"}],"wp:attachment":[{"href":"https:\/\/triperife-excursions.com\/es\/wp-json\/wp\/v2\/media?parent=1057"}],"wp:term":[{"taxonomy":"product_brand","embeddable":true,"href":"https:\/\/triperife-excursions.com\/es\/wp-json\/wp\/v2\/product_brand?post=1057"},{"taxonomy":"product_cat","embeddable":true,"href":"https:\/\/triperife-excursions.com\/es\/wp-json\/wp\/v2\/product_cat?post=1057"},{"taxonomy":"product_tag","embeddable":true,"href":"https:\/\/triperife-excursions.com\/es\/wp-json\/wp\/v2\/product_tag?post=1057"}],"curies":[{"name":"wp","href":"https:\/\/api.w.org\/{rel}","templated":true}]}}