{"id":1049,"date":"2022-09-29T14:28:12","date_gmt":"2022-09-29T13:28:12","guid":{"rendered":"https:\/\/triperife-excursions.com\/product\/wakeboarding\/"},"modified":"2022-11-06T14:28:27","modified_gmt":"2022-11-06T13:28:27","slug":"wakeboarding","status":"publish","type":"product","link":"https:\/\/triperife-excursions.com\/es\/producto\/wakeboard-2\/","title":{"rendered":"Wakeboard"},"content":{"rendered":"<p>Te apetece hacer wakeboard en Tenerife. Tenemos una fant\u00e1stica sesi\u00f3n de wakeboard en Tenerife.<\/p>\n<p>La potente lancha motora te arrastra hacia delante, donde desafiar\u00e1s las olas sobre una especie de tabla de snowboard. Puedes elegir entre 2 franjas horarias diferentes. Se proporciona todo el equipo necesario para el wakeboard, como tabla de wakeboard, instructor, chaleco salvavidas,...<\/p>\n<p><span style=\"color: #f139ff;\"><strong>Pague s\u00f3lo un dep\u00f3sito.<\/strong><\/span><\/p>\n<p>Una vez que hayamos tramitado su reserva, s\u00f3lo tendr\u00e1 que pagar un dep\u00f3sito.<br>Usted paga el saldo restante al inicio de la excursi\u00f3n<br><strong>El dep\u00f3sito para la excursi\u00f3n de Wakeboard en Tenerife es de 10 \u20ac\/Persona<\/strong><\/p>\n\n\n<div class=\"wp-block-group\"><div class=\"wp-block-group__inner-container is-layout-flow wp-block-group-is-layout-flow\">\n<figure class=\"wp-block-image size-full is-resized\"><a href=\"https:\/\/wa.me\/34617209491\" target=\"_blank\" rel=\"noopener\"><img decoding=\"async\" src=\"https:\/\/triperife-excursions.com\/wp-content\/uploads\/2022\/09\/whatsapp-booking.png.webp\" alt=\"\" class=\"wp-image-421\" width=\"239\" height=\"47\" srcset=\"https:\/\/triperife-excursions.com\/wp-content\/uploads\/2022\/09\/whatsapp-booking.png.webp 518w, https:\/\/triperife-excursions.com\/wp-content\/uploads\/2022\/09\/whatsapp-booking.png-300x58.webp 300w\" sizes=\"(max-width: 239px) 100vw, 239px\" \/><\/a><\/figure>\n<\/div><\/div>","protected":false},"excerpt":{"rendered":"<p>Te apetece hacer wakeboard en Tenerife. Tenemos una fant\u00e1stica sesi\u00f3n de wakeboard en Tenerife. La potente embarcaci\u00f3n a motor te empuja hacia delante y te enfrentas a las olas sobre una especie de tabla de snowboard. Puedes elegir entre 2 franjas horarias diferentes. Todos los suministros para wakeboard se proporcionan, como wakeboard, instructor, chaleco salvavidas, ... S\u00f3lo tiene que pagar un dep\u00f3sito. Despu\u00e9s de su reserva es a trav\u00e9s de [...]<\/p>","protected":false},"featured_media":0,"comment_status":"open","ping_status":"closed","template":"","meta":{"_acf_changed":false,"_joinchat":[]},"product_brand":[],"product_cat":[20],"product_tag":[],"class_list":{"0":"post-1049","1":"product","2":"type-product","3":"status-publish","5":"product_cat-listeo-booking","7":"first","8":"instock","9":"virtual","10":"sold-individually","11":"purchasable","12":"product-type-listing_booking"},"acf":[],"_links":{"self":[{"href":"https:\/\/triperife-excursions.com\/es\/wp-json\/wp\/v2\/product\/1049","targetHints":{"allow":["GET"]}}],"collection":[{"href":"https:\/\/triperife-excursions.com\/es\/wp-json\/wp\/v2\/product"}],"about":[{"href":"https:\/\/triperife-excursions.com\/es\/wp-json\/wp\/v2\/types\/product"}],"replies":[{"embeddable":true,"href":"https:\/\/triperife-excursions.com\/es\/wp-json\/wp\/v2\/comments?post=1049"}],"wp:attachment":[{"href":"https:\/\/triperife-excursions.com\/es\/wp-json\/wp\/v2\/media?parent=1049"}],"wp:term":[{"taxonomy":"product_brand","embeddable":true,"href":"https:\/\/triperife-excursions.com\/es\/wp-json\/wp\/v2\/product_brand?post=1049"},{"taxonomy":"product_cat","embeddable":true,"href":"https:\/\/triperife-excursions.com\/es\/wp-json\/wp\/v2\/product_cat?post=1049"},{"taxonomy":"product_tag","embeddable":true,"href":"https:\/\/triperife-excursions.com\/es\/wp-json\/wp\/v2\/product_tag?post=1049"}],"curies":[{"name":"wp","href":"https:\/\/api.w.org\/{rel}","templated":true}]}}