{"id":1028,"date":"2022-09-29T13:01:36","date_gmt":"2022-09-29T12:01:36","guid":{"rendered":"https:\/\/triperife-excursions.com\/product\/jeep-safari-la-gomera\/"},"modified":"2025-03-29T13:06:42","modified_gmt":"2025-03-29T12:06:42","slug":"jeep-safari-la-gomera","status":"publish","type":"product","link":"https:\/\/triperife-excursions.com\/es\/producto\/jeep-safari-la-gomera-2\/","title":{"rendered":"Jeep Safari La Gomera"},"content":{"rendered":"<p>Sobre este Jeep Safari La Gomera<br \/>Ponga rumbo a una de las islas m\u00e1s singulares del mundo y viaje c\u00f3modamente en un grupo reducido en un safari en jeep. Hay alguna forma mejor de descubrir las maravillas naturales que se esconden en una isla que tiene tanto que ofrecer?<\/p>\n<p>Nuestra excursi\u00f3n a La Gomera lo tiene todo<br \/>La experiencia incluye todo lo que pueda necesitar; Tamar\u00e1n le recoge en su alojamiento o en un punto cercano y le lleva al punto de partida. \u00c9ste puede ser el Puerto de la Cruz (con salida desde el norte) o Playa de las Am\u00e9ricas (con salida desde el sur). A continuaci\u00f3n, el ferry le transportar\u00e1 sin contratiempos por las aguas del Atl\u00e1ntico hasta San Sebasti\u00e1n de La Gomera, su primer punto de contacto con una isla capaz de asombrar a propios y extra\u00f1os. \u00bfSab\u00eda que tiene su propio lenguaje silbado, el silbo gomero, Patrimonio Cultural de la Humanidad?<\/p>\n<p>Se unir\u00e1 a una caravana de jeeps que recorrer\u00e1 los lugares m\u00e1s fascinantes de la isla, incluido el Parque Nacional de Garajonay. Te fascinar\u00e1 la amabilidad de sus gentes y el incre\u00edble patrimonio natural que te rodea mires donde mires.<\/p>\n<p>Este safari en jeep por La Gomera tambi\u00e9n incluye el almuerzo en un restaurante local donde podr\u00e1 degustar las delicias locales antes de dirigirse al final de su ruta. Finalmente, el ferry le llevar\u00e1 de vuelta al punto de partida y usted regresar\u00e1 a su alojamiento o a un punto de entrega cercano. No hay duda: volver\u00e1 radiante tras visitar una de las islas m\u00e1s singulares del mundo.<\/p>\n<p><strong>Pagar s\u00f3lo un anticipo<\/strong><\/p>\n<p>Una vez que hayamos tramitado su reserva, s\u00f3lo tendr\u00e1 que pagar un dep\u00f3sito.<br \/>Usted paga el saldo restante al inicio de la excursi\u00f3n<br \/><strong>El dep\u00f3sito para el safari en jeep a La Gomera es de 15 euros\/persona<\/strong><\/p>\n\n<div class=\"wp-block-group\"><div class=\"wp-block-group__inner-container is-layout-flow wp-block-group-is-layout-flow\">\n<figure class=\"wp-block-image size-full is-resized\"><a href=\"https:\/\/wa.me\/34617209491\" target=\"_blank\" rel=\"noopener\"><img decoding=\"async\" src=\"https:\/\/triperife-excursions.com\/wp-content\/uploads\/2022\/09\/whatsapp-booking.png.webp\" alt=\"\" class=\"wp-image-421\" width=\"239\" height=\"47\" srcset=\"https:\/\/triperife-excursions.com\/wp-content\/uploads\/2022\/09\/whatsapp-booking.png.webp 518w, https:\/\/triperife-excursions.com\/wp-content\/uploads\/2022\/09\/whatsapp-booking.png-300x58.webp 300w\" sizes=\"(max-width: 239px) 100vw, 239px\" \/><\/a><\/figure>\n<\/div><\/div>\n\t\t\n\t\t\t<!-- Triperife Excursion Booking Widget (iframe) -->\n<iframe \n  src=\"https:\/\/aa2594be-2a91-4c4f-bc40-5c1d563e20d8.lovableproject.com\/embed\/1f619d4f-450a-4240-aa50-60cb14e0d96c\" \n  width=\"130%\" \n  height=\"700\" \n  frameborder=\"0\" \n  title=\"Reservar Parasailing\"\n  style=\"border-radius: 16px; box-shadow: 1 10px 30px rgba(0,0,0,0.08); max-width: 3000px; margin: 0 auto; display: block;\"\n  allow=\"accelerometer; autoplay; clipboard-write; encrypted-media; gyroscope; payment\"\n  allowfullscreen\n><\/iframe>\n<!-- End Triperperife Excursion Booking Widget -->","protected":false},"excerpt":{"rendered":"<p>Acerca de este Jeep Safari La GomeraPonga rumbo a una de las islas \u00fanicas en el mundo y viaje c\u00f3modamente en un grupo reducido en un safari en jeep. \u00bfHay alguna forma mejor de descubrir las maravillas naturales que se esconden en una isla que tiene tanto que ofrecer? Nuestro tour a La Gomera lo tiene todoLa experiencia incluye [...]<\/p>","protected":false},"featured_media":0,"comment_status":"open","ping_status":"closed","template":"","meta":{"_acf_changed":false,"_joinchat":[]},"product_brand":[],"product_cat":[20],"product_tag":[],"class_list":{"0":"post-1028","1":"product","2":"type-product","3":"status-publish","5":"product_cat-listeo-booking","7":"first","8":"instock","9":"virtual","10":"sold-individually","11":"purchasable","12":"product-type-listing_booking"},"acf":[],"_links":{"self":[{"href":"https:\/\/triperife-excursions.com\/es\/wp-json\/wp\/v2\/product\/1028","targetHints":{"allow":["GET"]}}],"collection":[{"href":"https:\/\/triperife-excursions.com\/es\/wp-json\/wp\/v2\/product"}],"about":[{"href":"https:\/\/triperife-excursions.com\/es\/wp-json\/wp\/v2\/types\/product"}],"replies":[{"embeddable":true,"href":"https:\/\/triperife-excursions.com\/es\/wp-json\/wp\/v2\/comments?post=1028"}],"wp:attachment":[{"href":"https:\/\/triperife-excursions.com\/es\/wp-json\/wp\/v2\/media?parent=1028"}],"wp:term":[{"taxonomy":"product_brand","embeddable":true,"href":"https:\/\/triperife-excursions.com\/es\/wp-json\/wp\/v2\/product_brand?post=1028"},{"taxonomy":"product_cat","embeddable":true,"href":"https:\/\/triperife-excursions.com\/es\/wp-json\/wp\/v2\/product_cat?post=1028"},{"taxonomy":"product_tag","embeddable":true,"href":"https:\/\/triperife-excursions.com\/es\/wp-json\/wp\/v2\/product_tag?post=1028"}],"curies":[{"name":"wp","href":"https:\/\/api.w.org\/{rel}","templated":true}]}}