{"id":1470,"date":"2022-10-25T15:18:15","date_gmt":"2022-10-25T14:18:15","guid":{"rendered":"https:\/\/triperife-excursions.com\/product\/siam-park\/"},"modified":"2025-07-24T08:12:42","modified_gmt":"2025-07-24T07:12:42","slug":"siam-park","status":"publish","type":"product","link":"https:\/\/triperife-excursions.com\/de\/produkt\/siam-park-2\/","title":{"rendered":"Siam Park Eintrittskarten"},"content":{"rendered":"<p><\/p>\n<h2 class=\"wp-block-heading\">Kaufen Sie Ihre Siam Park Tickets online<\/h2>\n<p><\/p>\n<p><\/p>\n<p><\/p>\n<p><\/p>\n<p>Sie suchen nach einem unvergesslichen Abenteuer w\u00e4hrend Ihres Urlaubs auf Teneriffa? Suchen Sie nicht weiter! Siam Park Tickets, weltber\u00fchmt f\u00fcr seine atemberaubenden Attraktionen und einzigartigen Themen, bietet Spa\u00df f\u00fcr die ganze Familie.<\/p>\n<p><\/p>\n<p><\/p>\n<h2 class=\"wp-block-heading\">Siam Park Tickets: Eine Welt voller Spa\u00df<\/h2>\n<p><\/p>\n<p><\/p>\n<p>Siam Park Tickets garantieren einen Tag voller Spa\u00df und Spannung. Der Park bietet Attraktionen f\u00fcr alle Altersgruppen und Abenteuerklassen. Egal, ob Sie ein Adrenalinjunkie sind oder sich entspannen m\u00f6chten, Siam Park Tickets bietet f\u00fcr jeden etwas.<\/p>\n<p><\/p>\n<p><\/p>\n<h2 class=\"wp-block-heading\">Adrenalinrausch mit dem Tower of Power<\/h2>\n<p><\/p>\n<p><\/p>\n<p>F\u00fcr die echten Draufg\u00e4nger gibt es den Tower of Power. Diese schwindelerregende Rutsche l\u00e4sst Sie fast senkrecht nach unten fallen, bevor Sie durch ein Aquarium voller Haie und Rochen gleiten. Ein Erlebnis, das Sie nie vergessen werden!<\/p>\n<p><\/p>\n<p><\/p>\n<h2 class=\"wp-block-heading\">Familienspa\u00df mit dem Drachen<\/h2>\n<p><\/p>\n<p><\/p>\n<p>Der Drache ist eine weitere beliebte Attraktion f\u00fcr die ganze Familie. Hier k\u00f6nnen Sie in einer Boje f\u00fcr zwei Personen durch gewundene Tunnel, Wasserf\u00e4lle und \u00fcberraschende Kurven gleiten. Eine Fahrt voller Abenteuer und Lachen!<\/p>\n<p><\/p>\n<p><\/p>\n<h2 class=\"wp-block-heading\">Entspannung am Strand und im Wellenbad<\/h2>\n<p><\/p>\n<p><\/p>\n<p>Wenn Sie etwas Ruhigeres bevorzugen, k\u00f6nnen Sie die \u00fcppigen Str\u00e4nde und das riesige Wellenbad des Siam Parks genie\u00dfen. Hier k\u00f6nnen Sie entspannen und die Sonne auf Ihrer Haut sp\u00fcren. F\u00fcr die Kleinsten gibt es ein separates Kinderbecken und einen Spielbereich mit einem riesigen Drachen als Mittelpunkt.<\/p>\n<p><\/p>\n<p><\/p>\n<h2 class=\"wp-block-heading\">Die neueste Attraktion des Siam-Parks: Saifa<\/h2>\n<p>Machen Sie sich bereit f\u00fcr ein spannendes Abenteuer im Siam Park Tickets mit der aufregenden neuen Attraktion Saifa! Saifa, was auf Thail\u00e4ndisch \"Blitz\" bedeutet, macht seinem Namen alle Ehre und bietet rasanten Nervenkitzel und herzzerrei\u00dfende Spannung.<\/p>\n<p>Diese Doppelrutsche nimmt Sie mit auf eine schwindelerregende Reise aus einer beeindruckenden H\u00f6he von 82 Metern und verspricht ein intensives Erlebnis, das Ihren Adrenalinspiegel in die H\u00f6he treibt. Wenn beide Rutschen gleichzeitig starten, rasen Sie mit einer unglaublichen Geschwindigkeit von 10 Metern pro Sekunde \u00fcber 306 Meter voller Kurven, Kreuzungen und purer Aufregung. Es handelt sich nicht um irgendeine Attraktion, sondern um ein adrenalingeladenes Abenteuer, das Saifa zur l\u00e4ngsten und aufregendsten Attraktion des Parks macht.\u00a0<a href=\"https:\/\/www.youtube.com\/watch?v=qCvPJd0EDIo\" target=\"_blank\" rel=\"noopener\">Sehen Sie sich hier das Video der neuen Attraktion im Siam Park an<\/a>.<\/p>\n<h2>Fastpass-Siam-Park-Tickets im VIP-Ticket enthalten<\/h2>\n<p><\/p>\n<p><\/p>\n<p>Sie m\u00f6chten die Warteschlangen vermeiden und Ihren Tag im Siam Park in vollen Z\u00fcgen genie\u00dfen? Dann entscheiden Sie sich f\u00fcr unsere VIP-Tickets! Diese speziellen Tickets beinhalten den Fastpass, mit dem Sie schnellen Zugang zu den beliebtesten Attraktionen erhalten. Auf diese Weise m\u00fcssen Sie nicht warten und k\u00f6nnen mehr Zeit damit verbringen, den Nervenkitzel im Siam Park zu erleben.<\/p>\n<p><\/p>\n<p><\/p>\n<h2 class=\"wp-block-heading\">Buchen Sie Siam Park Tickets bei Triperife Excursions<\/h2>\n<p><\/p>\n<p><\/p>\n<p>Sie m\u00f6chten Ihren Besuch im Siam Park planen? Dann buchen Sie Ihre Tickets f\u00fcr den Siam Park mit Triperife Excursions und erleben Sie einen Tag voller Abenteuer und Spa\u00df. Unsere Tickets f\u00fcr den Siam-Park beinhalten einen bequemen Bustransport vom S\u00fcden Teneriffas, so dass Sie Ihren Tag im Park ohne Sorgen genie\u00dfen k\u00f6nnen.<\/p>\n<p><\/p>\n<p><\/p>\n<h2 class=\"wp-block-heading\">Entdecken Sie mehr mit Twin Tickets<\/h2>\n<p><\/p>\n<p><\/p>\n<p>Wenn Sie w\u00e4hrend Ihres Teneriffa-Urlaubs noch mehr entdecken m\u00f6chten, bietet Triperife Excursions auch Doppeltickets an. Mit diesen Tickets haben Sie Zugang sowohl zum Siam Park als auch zum <a href=\"https:\/\/triperife-excursions.com\/de\/listing\/loro-park\/\">Loro Parque,<\/a> zwei weltber\u00fchmte Parks, zu einem g\u00fcnstigen Preis. Machen Sie es zu einem unvergesslichen Tag und erkunden Sie beide Parks w\u00e4hrend Ihres Aufenthalts auf Teneriffa.<\/p>\n<p><\/p>\n<p><\/p>\n<p>Verpassen Sie nicht die Gelegenheit, die Aufregung und Sch\u00f6nheit des Siam Parks zu erleben. Buchen Sie noch heute Ihre Tickets und machen Sie Ihren Teneriffa-Urlaub mit einem Besuch in diesem spektakul\u00e4ren Wasserpark zu etwas ganz Besonderem!\u00a0\u00a0<\/p>\n<p><\/p>\n<p>\n<div class=\"wp-block-group\"><div class=\"wp-block-group__inner-container is-layout-flow wp-block-group-is-layout-flow\">\n<figure class=\"wp-block-image size-full is-resized\"><a href=\"https:\/\/wa.me\/34617209491\" target=\"_blank\" rel=\"noopener\"><img decoding=\"async\" src=\"https:\/\/triperife-excursions.com\/wp-content\/uploads\/2022\/09\/whatsapp-booking.png.webp\" alt=\"\" class=\"wp-image-421\" width=\"239\" height=\"47\" srcset=\"https:\/\/triperife-excursions.com\/wp-content\/uploads\/2022\/09\/whatsapp-booking.png.webp 518w, https:\/\/triperife-excursions.com\/wp-content\/uploads\/2022\/09\/whatsapp-booking.png-300x58.webp 300w\" sizes=\"(max-width: 239px) 100vw, 239px\" \/><\/a><\/figure>\n<\/div><\/div>\n<\/p>\t\t\n\t\t\t<a href=\"https:\/\/wa.me\/34617209491\" target=\"_blank\" rel=\"noopener\">\n\t\t\t\t\t\tWhatsapp-Buchung\n\t\t\t\t\t<\/a>\n\t\t\t<h2>H\u00e4ufig gestellte Fragen<\/h2>\t\t\n\t\t\t\t\t\t\t\t\t\t\t\t<a tabindex=\"0\">Wie sind die \u00d6ffnungszeiten von Siam Park?<\/a>\n\t\t\t\t\t<p>Der Siam Park ist das ganze Jahr \u00fcber von 10 bis 17 Uhr ge\u00f6ffnet.<\/p>\n\t\t\t\t\t\t\t\t\t\t\t\t<a tabindex=\"0\">Gibt es eine Mindestl\u00e4nge f\u00fcr die Attraktionen im Siam Park?<\/a>\n\t\t\t\t\t<p>Ja, f\u00fcr einige Attraktionen im Siam Park ist eine Mindesth\u00f6he erforderlich. Wir haben die Attraktionen mit einer Mindestl\u00e4nge hier aufgelistet.<\/p>\n<ul>\n<li><b>Turm der Macht<\/b>Minimum 140cm oder 4.59ft<\/li>\n<li><b>Singha<\/b>125cm oder 4.10ft\u00a0<\/li>\n<li><b>Vulkan<\/b>125cm oder 4.10ft<\/li>\n<li><b>Drache<\/b>125cm oder 4.10ft<\/li>\n<li><b>Kinnaree<\/b>125cm oder 4.10ft<\/li>\n<li><b>Riese<\/b>125cm oder 4.10ft<\/li>\n<li><b>Dschungelschlange:<\/b> 110\/125cm oder 3.6\/4.10ft<\/li>\n<li><b>Mekong-Stromschnellen<\/b>110cm oder 3.6ft<\/li>\n<li><b>Naga-Rennfahrer<\/b>110cm oder 3.6ft<\/li>\n<\/ul>\nF\u00fcr alle anderen Siam-Park-Attraktionen ist keine Mindestl\u00e4nge vorgeschrieben,\n\t\t\t\t\t\t\t\t\t\t\t\t<a tabindex=\"0\">Bietet der Siam Park Schlie\u00dff\u00e4cher f\u00fcr meine pers\u00f6nlichen Gegenst\u00e4nde?<\/a>\n\t\t\t\t\tJa, der Siam Park bietet Schlie\u00dff\u00e4cher, in denen Besucher ihre pers\u00f6nlichen Gegenst\u00e4nde w\u00e4hrend ihres Besuchs sicher aufbewahren k\u00f6nnen. Dies ist praktisch, um Ihre Wertsachen zu sch\u00fctzen, w\u00e4hrend Sie die Attraktionen genie\u00dfen.\n\t\t\t\t\t\t\t\t\t\t\t\t<a tabindex=\"0\">Gibt es einen kostenlosen Busservice von Costa Adeje zum Siam Park?<\/a>\n\t\t\t\t\tJa, der Siam Park bietet tats\u00e4chlich einen kostenlosen Busservice von Costa Adeje zum Park an. Dieser bequeme Service sorgt f\u00fcr eine problemlose Anreise und einen optimalen Genuss Ihres Tages im Park.\n\t\t\t\t\t\t\t\t\t\t\t\t<a tabindex=\"0\">Was sind FastPass-Tickets im Siam Park?<\/a>\n\t\t\t\t\tFastPass-Tickets im Siam Park sind spezielle Tickets, mit denen Sie schneller zu den Fahrgesch\u00e4ften und Rutschen des Parks gelangen und die Wartezeiten verk\u00fcrzen. Diese Tickets k\u00f6nnen separat im Park gekauft werden, aber die Anzahl der verf\u00fcgbaren FastPass-Tickets ist begrenzt. Wir empfehlen dringend, fr\u00fchzeitig vor Park\u00f6ffnung zu kommen, um FastPass-Tickets zu kaufen, da sie schnell ausverkauft sein k\u00f6nnen. Wenn Sie ein VIP-Ticket f\u00fcr den Siam Park haben, sind die FastPass-Tickets im Paket enthalten, so dass Sie sicher sein k\u00f6nnen, ein FastPass-Ticket zu erhalten.\n\t\t\t\t\t\t\t\t\t\t\t\t<a tabindex=\"0\">Wo kann ich Siam Park Tickets buchen?<\/a>\n\t\t\t\t\tSiam Park Tickets sind einfach auf dieser Website zu buchen, klicken Sie auf buchen oder senden Sie uns eine Whatsapp Nachricht","protected":false},"excerpt":{"rendered":"<p>Kaufen Sie Ihre Siam Park Tickets online Suchen Sie nach einem unvergesslichen Abenteuer w\u00e4hrend Ihres Urlaubs auf Teneriffa? Suchen Sie nicht weiter! Siam Park Tickets, weltber\u00fchmt f\u00fcr seine atemberaubenden Attraktionen und einzigartigen Themen, bietet Spa\u00df f\u00fcr die ganze Familie. Siam Park Tickets: Eine Welt voller Spa\u00df Siam Park Tickets garantieren einen Tag voller Spa\u00df und [...]<\/p>","protected":false},"featured_media":0,"comment_status":"open","ping_status":"closed","template":"","meta":{"_acf_changed":false,"_joinchat":[]},"product_brand":[],"product_cat":[20],"product_tag":[],"class_list":{"0":"post-1470","1":"product","2":"type-product","3":"status-publish","5":"product_cat-listeo-booking","7":"first","8":"instock","9":"virtual","10":"sold-individually","11":"purchasable","12":"product-type-listing_booking"},"acf":[],"_links":{"self":[{"href":"https:\/\/triperife-excursions.com\/de\/wp-json\/wp\/v2\/product\/1470","targetHints":{"allow":["GET"]}}],"collection":[{"href":"https:\/\/triperife-excursions.com\/de\/wp-json\/wp\/v2\/product"}],"about":[{"href":"https:\/\/triperife-excursions.com\/de\/wp-json\/wp\/v2\/types\/product"}],"replies":[{"embeddable":true,"href":"https:\/\/triperife-excursions.com\/de\/wp-json\/wp\/v2\/comments?post=1470"}],"wp:attachment":[{"href":"https:\/\/triperife-excursions.com\/de\/wp-json\/wp\/v2\/media?parent=1470"}],"wp:term":[{"taxonomy":"product_brand","embeddable":true,"href":"https:\/\/triperife-excursions.com\/de\/wp-json\/wp\/v2\/product_brand?post=1470"},{"taxonomy":"product_cat","embeddable":true,"href":"https:\/\/triperife-excursions.com\/de\/wp-json\/wp\/v2\/product_cat?post=1470"},{"taxonomy":"product_tag","embeddable":true,"href":"https:\/\/triperife-excursions.com\/de\/wp-json\/wp\/v2\/product_tag?post=1470"}],"curies":[{"name":"wp","href":"https:\/\/api.w.org\/{rel}","templated":true}]}}