{"id":1049,"date":"2022-09-29T14:28:12","date_gmt":"2022-09-29T13:28:12","guid":{"rendered":"https:\/\/triperife-excursions.com\/product\/wakeboarding\/"},"modified":"2022-11-06T14:28:27","modified_gmt":"2022-11-06T13:28:27","slug":"wakeboarding","status":"publish","type":"product","link":"https:\/\/triperife-excursions.com\/de\/produkt\/wakeboarden-2\/","title":{"rendered":"Wakeboarden"},"content":{"rendered":"<p>Lust auf Wakeboarding auf Teneriffa. Wir haben eine fantastische Wakeboarding-Session auf Teneriffa.<\/p>\n<p>Das kr\u00e4ftige Motorboot zieht Sie vorw\u00e4rts, wo Sie auf einer Art Snowboard den Wellen trotzen. Sie k\u00f6nnen aus 2 verschiedenen Zeitfenstern w\u00e4hlen. Die gesamte f\u00fcr das Wakeboarden ben\u00f6tigte Ausr\u00fcstung wird gestellt, wie Wakeboard, Instruktor, Schwimmweste,...<\/p>\n<p><span style=\"color: #f139ff;\"><strong>Zahlen Sie nur eine Anzahlung.<\/strong><\/span><\/p>\n<p>Nachdem Ihre Buchung von uns bearbeitet wurde, zahlen Sie lediglich eine Anzahlung.<br>Sie zahlen den Restbetrag zu Beginn des Ausflugs<br><strong>Die Kaution f\u00fcr den Wakeboarding-Ausflug auf Teneriffa betr\u00e4gt 10 \u20ac\/Person.<\/strong><\/p>\n\n\n<div class=\"wp-block-group\"><div class=\"wp-block-group__inner-container is-layout-flow wp-block-group-is-layout-flow\">\n<figure class=\"wp-block-image size-full is-resized\"><a href=\"https:\/\/wa.me\/34617209491\" target=\"_blank\" rel=\"noopener\"><img decoding=\"async\" src=\"https:\/\/triperife-excursions.com\/wp-content\/uploads\/2022\/09\/whatsapp-booking.png.webp\" alt=\"\" class=\"wp-image-421\" width=\"239\" height=\"47\" srcset=\"https:\/\/triperife-excursions.com\/wp-content\/uploads\/2022\/09\/whatsapp-booking.png.webp 518w, https:\/\/triperife-excursions.com\/wp-content\/uploads\/2022\/09\/whatsapp-booking.png-300x58.webp 300w\" sizes=\"(max-width: 239px) 100vw, 239px\" \/><\/a><\/figure>\n<\/div><\/div>","protected":false},"excerpt":{"rendered":"<p>Lust auf Wakeboarding auf Teneriffa. Wir haben eine fantastische Wakeboarding-Session auf Teneriffa. Das kr\u00e4ftige Motorboot zieht Sie vorw\u00e4rts, wo Sie auf einer Art Snowboard den Wellen trotzen. Sie k\u00f6nnen aus 2 verschiedenen Zeitfenstern w\u00e4hlen. Alle Utensilien f\u00fcr das Wakeboarden werden gestellt, wie z.B. Wakeboard, Instruktor, Schwimmweste,... Du musst nur eine Anzahlung leisten. Nachdem deine Buchung durch ist [...]<\/p>","protected":false},"featured_media":0,"comment_status":"open","ping_status":"closed","template":"","meta":{"_acf_changed":false,"_joinchat":[]},"product_brand":[],"product_cat":[20],"product_tag":[],"class_list":{"0":"post-1049","1":"product","2":"type-product","3":"status-publish","5":"product_cat-listeo-booking","7":"first","8":"instock","9":"virtual","10":"sold-individually","11":"purchasable","12":"product-type-listing_booking"},"acf":[],"_links":{"self":[{"href":"https:\/\/triperife-excursions.com\/de\/wp-json\/wp\/v2\/product\/1049","targetHints":{"allow":["GET"]}}],"collection":[{"href":"https:\/\/triperife-excursions.com\/de\/wp-json\/wp\/v2\/product"}],"about":[{"href":"https:\/\/triperife-excursions.com\/de\/wp-json\/wp\/v2\/types\/product"}],"replies":[{"embeddable":true,"href":"https:\/\/triperife-excursions.com\/de\/wp-json\/wp\/v2\/comments?post=1049"}],"wp:attachment":[{"href":"https:\/\/triperife-excursions.com\/de\/wp-json\/wp\/v2\/media?parent=1049"}],"wp:term":[{"taxonomy":"product_brand","embeddable":true,"href":"https:\/\/triperife-excursions.com\/de\/wp-json\/wp\/v2\/product_brand?post=1049"},{"taxonomy":"product_cat","embeddable":true,"href":"https:\/\/triperife-excursions.com\/de\/wp-json\/wp\/v2\/product_cat?post=1049"},{"taxonomy":"product_tag","embeddable":true,"href":"https:\/\/triperife-excursions.com\/de\/wp-json\/wp\/v2\/product_tag?post=1049"}],"curies":[{"name":"wp","href":"https:\/\/api.w.org\/{rel}","templated":true}]}}