{"id":1028,"date":"2022-09-29T13:01:36","date_gmt":"2022-09-29T12:01:36","guid":{"rendered":"https:\/\/triperife-excursions.com\/product\/jeep-safari-la-gomera\/"},"modified":"2025-03-29T13:06:42","modified_gmt":"2025-03-29T12:06:42","slug":"jeep-safari-la-gomera","status":"publish","type":"product","link":"https:\/\/triperife-excursions.com\/de\/produkt\/jeep-safari-la-gomera-2\/","title":{"rendered":"Jeep-Safari La Gomera"},"content":{"rendered":"<p>\u00dcber diese Jeep-Safari La Gomera<br \/>Stechen Sie in See und reisen Sie bequem in einer kleinen Gruppe auf einer Jeep-Safari zu einer der einzigartigsten Inseln der Welt. Gibt es eine bessere M\u00f6glichkeit, die Naturwunder einer Insel zu entdecken, die so viel zu bieten hat?<\/p>\n<p>Unsere Tour nach La Gomera hat alles zu bieten<br \/>Tamar\u00e1n holt Sie von Ihrer Unterkunft oder einem nahe gelegenen Ort ab und bringt Sie zum Abfahrtsort. Dies ist entweder Puerto de la Cruz (von Norden kommend) oder Playa de las Am\u00e9ricas (von S\u00fcden kommend). Die F\u00e4hre bringt Sie dann sanft \u00fcber den Atlantik nach San Sebasti\u00e1n de La Gomera, Ihrem ersten Kontaktpunkt mit einer Insel, die Einheimische und Besucher gleicherma\u00dfen in Staunen versetzt. Wussten Sie, dass die Insel eine eigene Pfeifsprache hat, das silbo gomero, das zum Kulturerbe der Menschheit geh\u00f6rt?<\/p>\n<p>Sie schlie\u00dfen sich einer Karawane von Jeeps an, die zu den faszinierendsten Orten der Insel fahren, darunter der Nationalpark Garajonay. Sie werden fasziniert sein von der Freundlichkeit der Menschen und dem unglaublichen Naturerbe, das Sie umgibt, wohin Sie auch schauen.<\/p>\n<p>Diese Jeepsafari auf La Gomera beinhaltet auch ein Mittagessen in einem lokalen Restaurant, wo Sie die lokalen K\u00f6stlichkeiten genie\u00dfen k\u00f6nnen, bevor Sie zum Ende Ihrer Route fahren. Schlie\u00dflich bringt Sie die F\u00e4hre zur\u00fcck zum Ausgangspunkt und Sie kehren zu Ihrer Unterkunft oder einem nahegelegenen R\u00fcckgabepunkt zur\u00fcck. Es besteht kein Zweifel: Sie werden nach dem Besuch einer der ungew\u00f6hnlichsten Inseln der Welt strahlend zur\u00fcckkehren.<\/p>\n<p><strong>Nur einen Vorschuss zahlen<\/strong><\/p>\n<p>Nachdem Ihre Buchung von uns bearbeitet wurde, zahlen Sie lediglich eine Anzahlung.<br \/>Sie zahlen den Restbetrag zu Beginn des Ausflugs<br \/><strong>Die Kaution f\u00fcr die Jeepsafari auf La Gomera betr\u00e4gt 15 \u20ac\/Person.<\/strong><\/p>\n\n<div class=\"wp-block-group\"><div class=\"wp-block-group__inner-container is-layout-flow wp-block-group-is-layout-flow\">\n<figure class=\"wp-block-image size-full is-resized\"><a href=\"https:\/\/wa.me\/34617209491\" target=\"_blank\" rel=\"noopener\"><img decoding=\"async\" src=\"https:\/\/triperife-excursions.com\/wp-content\/uploads\/2022\/09\/whatsapp-booking.png.webp\" alt=\"\" class=\"wp-image-421\" width=\"239\" height=\"47\" srcset=\"https:\/\/triperife-excursions.com\/wp-content\/uploads\/2022\/09\/whatsapp-booking.png.webp 518w, https:\/\/triperife-excursions.com\/wp-content\/uploads\/2022\/09\/whatsapp-booking.png-300x58.webp 300w\" sizes=\"(max-width: 239px) 100vw, 239px\" \/><\/a><\/figure>\n<\/div><\/div>\n\t\t\n\t\t\t<!-- Triperife Excursion Booking Widget (iframe) -->\n<iframe \n  src=\"https:\/\/aa2594be-2a91-4c4f-bc40-5c1d563e20d8.lovableproject.com\/embed\/1f619d4f-450a-4240-aa50-60cb14e0d96c\" \n  width=\"130%\" \n  height=\"700\" \n  frameborder=\"0\" \n  title=\"Parasailing buchen\"\n  style=\"border-radius: 16px; box-shadow: 1 10px 30px rgba(0,0,0,0.08); max-width: 3000px; margin: 0 auto; display: block;\"\n  allow=\"accelerometer; autoplay; clipboard-write; encrypted-media; gyroscope; payment\"\n  allowfullscreen\n><\/iframe>\n<!-- End Triperperife Excursion Booking Widget -->","protected":false},"excerpt":{"rendered":"<p>\u00dcber diese Jeep-Safari La GomeraNehmen Sie Kurs auf eine der einzigartigsten Inseln der Welt und reisen Sie bequem in einer kleinen Gruppe auf einer Jeep-Safari. Gibt es eine bessere M\u00f6glichkeit, die Naturwunder einer Insel zu entdecken, die so viel zu bieten hat? Unsere Tour nach La Gomera hat es in sichDas Erlebnis beinhaltet [...]<\/p>","protected":false},"featured_media":0,"comment_status":"open","ping_status":"closed","template":"","meta":{"_acf_changed":false,"_joinchat":[]},"product_brand":[],"product_cat":[20],"product_tag":[],"class_list":{"0":"post-1028","1":"product","2":"type-product","3":"status-publish","5":"product_cat-listeo-booking","7":"first","8":"instock","9":"virtual","10":"sold-individually","11":"purchasable","12":"product-type-listing_booking"},"acf":[],"_links":{"self":[{"href":"https:\/\/triperife-excursions.com\/de\/wp-json\/wp\/v2\/product\/1028","targetHints":{"allow":["GET"]}}],"collection":[{"href":"https:\/\/triperife-excursions.com\/de\/wp-json\/wp\/v2\/product"}],"about":[{"href":"https:\/\/triperife-excursions.com\/de\/wp-json\/wp\/v2\/types\/product"}],"replies":[{"embeddable":true,"href":"https:\/\/triperife-excursions.com\/de\/wp-json\/wp\/v2\/comments?post=1028"}],"wp:attachment":[{"href":"https:\/\/triperife-excursions.com\/de\/wp-json\/wp\/v2\/media?parent=1028"}],"wp:term":[{"taxonomy":"product_brand","embeddable":true,"href":"https:\/\/triperife-excursions.com\/de\/wp-json\/wp\/v2\/product_brand?post=1028"},{"taxonomy":"product_cat","embeddable":true,"href":"https:\/\/triperife-excursions.com\/de\/wp-json\/wp\/v2\/product_cat?post=1028"},{"taxonomy":"product_tag","embeddable":true,"href":"https:\/\/triperife-excursions.com\/de\/wp-json\/wp\/v2\/product_tag?post=1028"}],"curies":[{"name":"wp","href":"https:\/\/api.w.org\/{rel}","templated":true}]}}